{"id":557,"date":"2025-02-12T22:16:44","date_gmt":"2025-02-12T21:16:44","guid":{"rendered":"https:\/\/www.eurosauny.sk\/?page_id=557"},"modified":"2025-05-13T22:10:58","modified_gmt":"2025-05-13T20:10:58","slug":"sauny","status":"publish","type":"page","link":"https:\/\/www.eurosauny.sk\/hu\/sauny\/","title":{"rendered":"Sauny"},"content":{"rendered":"<p>V na\u0161om e-shope n\u00e1jdete ponuku kvalitn\u00fdch s\u00e1un, ktor\u00e9 s\u00fa ide\u00e1lne pre relax\u00e1ciu a zlep\u0161enie va\u0161ej pohody. Pon\u00fakame sauny r\u00f4znych ve\u013ekost\u00ed a dizajnov, ktor\u00e9 sa hodia do ka\u017ed\u00e9ho interi\u00e9ru. Na\u0161e produkty s\u00fa vyroben\u00e9 z najkvalitnej\u0161\u00edch materi\u00e1lov, zaru\u010duj\u00fa dlh\u00fa \u017eivotnos\u0165 a pohodln\u00e9 u\u017e\u00edvanie. Vyberte si svoju ide\u00e1lnu saunu a u\u017e\u00edvajte si pr\u00ednosy tepla priamo u v\u00e1s doma!<br><br><br><\/p><div class=\"woocommerce columns-3 \"><ul class=\"products columns-3\">\n<li class=\"product type-product post-1043 status-publish first instock product_cat-sauny product_cat-sluzby has-post-thumbnail taxable shipping-taxable purchasable product-type-simple\">\n\t<a href=\"https:\/\/www.eurosauny.sk\/hu\/produkt\/sauna-na-mieru\/\" class=\"woocommerce-LoopProduct-link woocommerce-loop-product__link\"><div class=\"archive-img-wrap\"><img fetchpriority=\"high\" decoding=\"async\" width=\"300\" height=\"300\" src=\"https:\/\/www.eurosauny.sk\/wp-content\/uploads\/2025\/05\/TOPOL-BIELI-300x300.jpg\" class=\"attachment-woocommerce_thumbnail size-woocommerce_thumbnail\" alt=\"\" srcset=\"https:\/\/www.eurosauny.sk\/wp-content\/uploads\/2025\/05\/TOPOL-BIELI-300x300.jpg 300w, https:\/\/www.eurosauny.sk\/wp-content\/uploads\/2025\/05\/TOPOL-BIELI-150x150.jpg 150w, https:\/\/www.eurosauny.sk\/wp-content\/uploads\/2025\/05\/TOPOL-BIELI-100x100.jpg 100w\" sizes=\"(max-width: 300px) 100vw, 300px\" \/><\/div><h2 class=\"woocommerce-loop-product__title\">Sauna na mieru<\/h2>\n\t<span class=\"price\"><span class=\"woocommerce-Price-amount amount\"><bdi>5000,00&nbsp;<span class=\"woocommerce-Price-currencySymbol\">&euro;<\/span><\/bdi><\/span><\/span>\n<\/a><a href=\"?add-to-cart=1043\" aria-describedby=\"woocommerce_loop_add_to_cart_link_describedby_1043\" data-quantity=\"1\" class=\"button product_type_simple add_to_cart_button ajax_add_to_cart\" data-product_id=\"1043\" data-product_sku=\"\" aria-label=\"Kos\u00e1rba: &ldquo;Sauna na mieru&rdquo;\" rel=\"nofollow\" data-success_message=\"&ldquo;Sauna na mieru&rdquo; has been added to your cart\">Kos\u00e1rba teszem<\/a>\t<span id=\"woocommerce_loop_add_to_cart_link_describedby_1043\" class=\"screen-reader-text\">\n\t\t\t<\/span>\n<\/li>\n<li class=\"product type-product post-681 status-publish instock product_cat-sauny has-post-thumbnail sale taxable shipping-taxable purchasable product-type-simple\">\n\t<a href=\"https:\/\/www.eurosauny.sk\/hu\/produkt\/sauna-1\/\" class=\"woocommerce-LoopProduct-link woocommerce-loop-product__link\">\n\t<span class=\"onsale\">Akci\u00f3!<\/span>\n\t<div class=\"archive-img-wrap\"><img decoding=\"async\" width=\"300\" height=\"300\" src=\"https:\/\/www.eurosauny.sk\/wp-content\/uploads\/2025\/02\/sauna-300x300.jpg\" class=\"attachment-woocommerce_thumbnail size-woocommerce_thumbnail\" alt=\"\" srcset=\"https:\/\/www.eurosauny.sk\/wp-content\/uploads\/2025\/02\/sauna-300x300.jpg 300w, https:\/\/www.eurosauny.sk\/wp-content\/uploads\/2025\/02\/sauna-150x150.jpg 150w, https:\/\/www.eurosauny.sk\/wp-content\/uploads\/2025\/02\/sauna-600x600.jpg 600w, https:\/\/www.eurosauny.sk\/wp-content\/uploads\/2025\/02\/sauna-100x100.jpg 100w, https:\/\/www.eurosauny.sk\/wp-content\/uploads\/2025\/02\/sauna.jpg 640w\" sizes=\"(max-width: 300px) 100vw, 300px\" \/><\/div><h2 class=\"woocommerce-loop-product__title\">Square XL<\/h2>\n\t<span class=\"price\"><del aria-hidden=\"true\"><span class=\"woocommerce-Price-amount amount\"><bdi>4000,00&nbsp;<span class=\"woocommerce-Price-currencySymbol\">&euro;<\/span><\/bdi><\/span><\/del> <span class=\"screen-reader-text\">Original price was: 4000,00&nbsp;&euro;.<\/span><ins aria-hidden=\"true\"><span class=\"woocommerce-Price-amount amount\"><bdi>3500,00&nbsp;<span class=\"woocommerce-Price-currencySymbol\">&euro;<\/span><\/bdi><\/span><\/ins><span class=\"screen-reader-text\">Current price is: 3500,00&nbsp;&euro;.<\/span><\/span>\n<\/a><a href=\"?add-to-cart=681\" aria-describedby=\"woocommerce_loop_add_to_cart_link_describedby_681\" data-quantity=\"1\" class=\"button product_type_simple add_to_cart_button ajax_add_to_cart\" data-product_id=\"681\" data-product_sku=\"\" aria-label=\"Kos\u00e1rba: &ldquo;Square XL&rdquo;\" rel=\"nofollow\" data-success_message=\"&ldquo;Square XL&rdquo; has been added to your cart\">Kos\u00e1rba teszem<\/a>\t<span id=\"woocommerce_loop_add_to_cart_link_describedby_681\" class=\"screen-reader-text\">\n\t\t\t<\/span>\n<\/li>\n<\/ul>\n<\/div>","protected":false},"excerpt":{"rendered":"<p>V na\u0161om e-shope n\u00e1jdete ponuku kvalitn\u00fdch s\u00e1un, ktor\u00e9 s\u00fa ide\u00e1lne pre relax\u00e1ciu a zlep\u0161enie va\u0161ej pohody. Pon\u00fakame sauny r\u00f4znych ve\u013ekost\u00ed a dizajnov, ktor\u00e9 sa hodia do ka\u017ed\u00e9ho interi\u00e9ru. Na\u0161e produkty s\u00fa vyroben\u00e9 z najkvalitnej\u0161\u00edch materi\u00e1lov, zaru\u010duj\u00fa dlh\u00fa \u017eivotnos\u0165 a pohodln\u00e9 u\u017e\u00edvanie. Vyberte si svoju ide\u00e1lnu&hellip;<\/p>\n","protected":false},"author":1,"featured_media":776,"parent":0,"menu_order":0,"comment_status":"closed","ping_status":"closed","template":"","meta":{"_monsterinsights_skip_tracking":false,"_monsterinsights_sitenote_active":false,"_monsterinsights_sitenote_note":"","_monsterinsights_sitenote_category":0,"footnotes":""},"class_list":["post-557","page","type-page","status-publish","has-post-thumbnail","hentry"],"yoast_head":"<!-- This site is optimized with the Yoast SEO plugin v24.4 - https:\/\/yoast.com\/wordpress\/plugins\/seo\/ -->\n<title>Sauny - EUROSAUNY<\/title>\n<meta name=\"robots\" content=\"index, follow, max-snippet:-1, max-image-preview:large, max-video-preview:-1\" \/>\n<link rel=\"canonical\" href=\"https:\/\/www.eurosauny.sk\/hu\/sauny\/\" \/>\n<meta property=\"og:locale\" content=\"hu_HU\" \/>\n<meta property=\"og:locale:alternate\" content=\"sk_SK\" \/>\n<meta property=\"og:locale:alternate\" content=\"en_US\" \/>\n<meta property=\"og:type\" content=\"article\" \/>\n<meta property=\"og:title\" content=\"Sauny\" \/>\n<meta property=\"og:description\" content=\"V na\u0161om e-shope n\u00e1jdete ponuku kvalitn\u00fdch s\u00e1un, ktor\u00e9 s\u00fa ide\u00e1lne pre relax\u00e1ciu a zlep\u0161enie va\u0161ej pohody. Pon\u00fakame sauny r\u00f4znych ve\u013ekost\u00ed a dizajnov, ktor\u00e9 sa hodia do ka\u017ed\u00e9ho interi\u00e9ru. Na\u0161e produkty s\u00fa vyroben\u00e9 z najkvalitnej\u0161\u00edch materi\u00e1lov, zaru\u010duj\u00fa dlh\u00fa \u017eivotnos\u0165 a pohodln\u00e9 u\u017e\u00edvanie. Vyberte si svoju ide\u00e1lnu&hellip;\" \/>\n<meta property=\"og:url\" content=\"https:\/\/www.eurosauny.sk\/hu\/sauny\/\" \/>\n<meta property=\"og:site_name\" content=\"EUROSAUNY\" \/>\n<meta property=\"article:modified_time\" content=\"2025-05-13T20:10:58+00:00\" \/>\n<meta property=\"og:image\" content=\"https:\/\/www.eurosauny.sk\/wp-content\/uploads\/2025\/02\/cropped-huum-K65M3GbRYq8-unsplash-scaled-1.jpg\" \/>\n\t<meta property=\"og:image:width\" content=\"2000\" \/>\n\t<meta property=\"og:image:height\" content=\"200\" \/>\n\t<meta property=\"og:image:type\" content=\"image\/jpeg\" \/>\n<meta name=\"twitter:card\" content=\"summary_large_image\" \/>\n<meta name=\"twitter:label1\" content=\"Becs\u00fclt olvas\u00e1si id\u0151\" \/>\n\t<meta name=\"twitter:data1\" content=\"1 perc\" \/>\n<script type=\"application\/ld+json\" class=\"yoast-schema-graph\">{\"@context\":\"https:\/\/schema.org\",\"@graph\":[{\"@type\":\"WebPage\",\"@id\":\"https:\/\/www.eurosauny.sk\/sauny\/\",\"url\":\"https:\/\/www.eurosauny.sk\/sauny\/\",\"name\":\"Sauny\",\"isPartOf\":{\"@id\":\"https:\/\/www.eurosauny.sk\/#website\"},\"primaryImageOfPage\":{\"@id\":\"https:\/\/www.eurosauny.sk\/sauny\/#primaryimage\"},\"image\":{\"@id\":\"https:\/\/www.eurosauny.sk\/sauny\/#primaryimage\"},\"thumbnailUrl\":\"https:\/\/www.eurosauny.sk\/wp-content\/uploads\/2025\/02\/cropped-huum-K65M3GbRYq8-unsplash-scaled-1.jpg\",\"datePublished\":\"2025-02-12T21:16:44+00:00\",\"dateModified\":\"2025-05-13T20:10:58+00:00\",\"breadcrumb\":{\"@id\":\"https:\/\/www.eurosauny.sk\/sauny\/#breadcrumb\"},\"inLanguage\":\"hu-HU\",\"potentialAction\":[{\"@type\":\"ReadAction\",\"target\":[\"https:\/\/www.eurosauny.sk\/sauny\/\"]}]},{\"@type\":\"ImageObject\",\"inLanguage\":\"hu-HU\",\"@id\":\"https:\/\/www.eurosauny.sk\/sauny\/#primaryimage\",\"url\":\"https:\/\/www.eurosauny.sk\/wp-content\/uploads\/2025\/02\/cropped-huum-K65M3GbRYq8-unsplash-scaled-1.jpg\",\"contentUrl\":\"https:\/\/www.eurosauny.sk\/wp-content\/uploads\/2025\/02\/cropped-huum-K65M3GbRYq8-unsplash-scaled-1.jpg\",\"width\":2000,\"height\":200},{\"@type\":\"BreadcrumbList\",\"@id\":\"https:\/\/www.eurosauny.sk\/sauny\/#breadcrumb\",\"itemListElement\":[{\"@type\":\"ListItem\",\"position\":1,\"name\":\"Home\",\"item\":\"https:\/\/www.eurosauny.sk\/\"},{\"@type\":\"ListItem\",\"position\":2,\"name\":\"Sauny\"}]},{\"@type\":\"WebSite\",\"@id\":\"https:\/\/www.eurosauny.sk\/#website\",\"url\":\"https:\/\/www.eurosauny.sk\/\",\"name\":\"EUROSAUNY\",\"description\":\"\",\"potentialAction\":[{\"@type\":\"SearchAction\",\"target\":{\"@type\":\"EntryPoint\",\"urlTemplate\":\"https:\/\/www.eurosauny.sk\/?s={search_term_string}\"},\"query-input\":{\"@type\":\"PropertyValueSpecification\",\"valueRequired\":true,\"valueName\":\"search_term_string\"}}],\"inLanguage\":\"hu-HU\"}]}<\/script>\n<!-- \/ Yoast SEO plugin. -->","yoast_head_json":{"title":"Sauny - EUROSAUNY","robots":{"index":"index","follow":"follow","max-snippet":"max-snippet:-1","max-image-preview":"max-image-preview:large","max-video-preview":"max-video-preview:-1"},"canonical":"https:\/\/www.eurosauny.sk\/hu\/sauny\/","og_locale":"hu_HU","og_type":"article","og_title":"[:sk]Sauny[:] - EUROSAUNY","og_description":"V na\u0161om e-shope n\u00e1jdete ponuku kvalitn\u00fdch s\u00e1un, ktor\u00e9 s\u00fa ide\u00e1lne pre relax\u00e1ciu a zlep\u0161enie va\u0161ej pohody. Pon\u00fakame sauny r\u00f4znych ve\u013ekost\u00ed a dizajnov, ktor\u00e9 sa hodia do ka\u017ed\u00e9ho interi\u00e9ru. Na\u0161e produkty s\u00fa vyroben\u00e9 z najkvalitnej\u0161\u00edch materi\u00e1lov, zaru\u010duj\u00fa dlh\u00fa \u017eivotnos\u0165 a pohodln\u00e9 u\u017e\u00edvanie. Vyberte si svoju ide\u00e1lnu&hellip;","og_url":"https:\/\/www.eurosauny.sk\/hu\/sauny\/","og_site_name":"EUROSAUNY","article_modified_time":"2025-05-13T20:10:58+00:00","og_image":[{"width":2000,"height":200,"url":"https:\/\/www.eurosauny.sk\/wp-content\/uploads\/2025\/02\/cropped-huum-K65M3GbRYq8-unsplash-scaled-1.jpg","type":"image\/jpeg"}],"twitter_card":"summary_large_image","twitter_misc":{"Becs\u00fclt olvas\u00e1si id\u0151":"1 perc"},"schema":{"@context":"https:\/\/schema.org","@graph":[{"@type":"WebPage","@id":"https:\/\/www.eurosauny.sk\/sauny\/","url":"https:\/\/www.eurosauny.sk\/sauny\/","name":"Sauny","isPartOf":{"@id":"https:\/\/www.eurosauny.sk\/#website"},"primaryImageOfPage":{"@id":"https:\/\/www.eurosauny.sk\/sauny\/#primaryimage"},"image":{"@id":"https:\/\/www.eurosauny.sk\/sauny\/#primaryimage"},"thumbnailUrl":"https:\/\/www.eurosauny.sk\/wp-content\/uploads\/2025\/02\/cropped-huum-K65M3GbRYq8-unsplash-scaled-1.jpg","datePublished":"2025-02-12T21:16:44+00:00","dateModified":"2025-05-13T20:10:58+00:00","breadcrumb":{"@id":"https:\/\/www.eurosauny.sk\/sauny\/#breadcrumb"},"inLanguage":"hu-HU","potentialAction":[{"@type":"ReadAction","target":["https:\/\/www.eurosauny.sk\/sauny\/"]}]},{"@type":"ImageObject","inLanguage":"hu-HU","@id":"https:\/\/www.eurosauny.sk\/sauny\/#primaryimage","url":"https:\/\/www.eurosauny.sk\/wp-content\/uploads\/2025\/02\/cropped-huum-K65M3GbRYq8-unsplash-scaled-1.jpg","contentUrl":"https:\/\/www.eurosauny.sk\/wp-content\/uploads\/2025\/02\/cropped-huum-K65M3GbRYq8-unsplash-scaled-1.jpg","width":2000,"height":200},{"@type":"BreadcrumbList","@id":"https:\/\/www.eurosauny.sk\/sauny\/#breadcrumb","itemListElement":[{"@type":"ListItem","position":1,"name":"Home","item":"https:\/\/www.eurosauny.sk\/"},{"@type":"ListItem","position":2,"name":"Sauny"}]},{"@type":"WebSite","@id":"https:\/\/www.eurosauny.sk\/#website","url":"https:\/\/www.eurosauny.sk\/","name":"EUROSAUNY","description":"","potentialAction":[{"@type":"SearchAction","target":{"@type":"EntryPoint","urlTemplate":"https:\/\/www.eurosauny.sk\/?s={search_term_string}"},"query-input":{"@type":"PropertyValueSpecification","valueRequired":true,"valueName":"search_term_string"}}],"inLanguage":"hu-HU"}]}},"_links":{"self":[{"href":"https:\/\/www.eurosauny.sk\/hu\/wp-json\/wp\/v2\/pages\/557","targetHints":{"allow":["GET"]}}],"collection":[{"href":"https:\/\/www.eurosauny.sk\/hu\/wp-json\/wp\/v2\/pages"}],"about":[{"href":"https:\/\/www.eurosauny.sk\/hu\/wp-json\/wp\/v2\/types\/page"}],"author":[{"embeddable":true,"href":"https:\/\/www.eurosauny.sk\/hu\/wp-json\/wp\/v2\/users\/1"}],"replies":[{"embeddable":true,"href":"https:\/\/www.eurosauny.sk\/hu\/wp-json\/wp\/v2\/comments?post=557"}],"version-history":[{"count":3,"href":"https:\/\/www.eurosauny.sk\/hu\/wp-json\/wp\/v2\/pages\/557\/revisions"}],"predecessor-version":[{"id":1065,"href":"https:\/\/www.eurosauny.sk\/hu\/wp-json\/wp\/v2\/pages\/557\/revisions\/1065"}],"wp:featuredmedia":[{"embeddable":true,"href":"https:\/\/www.eurosauny.sk\/hu\/wp-json\/wp\/v2\/media\/776"}],"wp:attachment":[{"href":"https:\/\/www.eurosauny.sk\/hu\/wp-json\/wp\/v2\/media?parent=557"}],"curies":[{"name":"wp","href":"https:\/\/api.w.org\/{rel}","templated":true}]}}