{"id":682,"date":"2025-02-13T10:50:32","date_gmt":"2025-02-13T09:50:32","guid":{"rendered":"https:\/\/www.eurosauny.sk\/?post_type=product&#038;p=682"},"modified":"2026-02-23T11:47:58","modified_gmt":"2026-02-23T10:47:58","slug":"sluzba-1","status":"publish","type":"product","link":"https:\/\/www.eurosauny.sk\/en\/produkt\/sluzba-1\/","title":{"rendered":"Zazimovanie a odzimovanie v\u00edrivky"},"content":{"rendered":"<p>ZAZIMOVANIE<\/p>\n<p>Ak sa rozhodnete nepou\u017e\u00edva\u0165 v\u00edrivku v zimn\u00fdch mesiacoch, odpor\u00fa\u010dame v\u00e1m v\u00edrivku zazimova\u0165. Mysl\u00ed sa t\u00fdm \u00fapln\u00e9 vypustenie vody zo v\u0161etk\u00fdch vn\u00fatorn\u00fdch \u010dast\u00ed v\u00edrivky tak, aby nedo\u0161lo k zamrznutiu vody v syst\u00e9me. \u010cistenie v\u00edrivky nie je s\u00fa\u010das\u0165ou zazimovania!<\/p>\n<p>ODZIMOVANIE<\/p>\n<p>Po zime alebo ve\u013ek\u00fdch mrazoch,potrebujete spojazdni\u0165 v\u00edrivku,tak treba spoji\u0165,zatiahn\u00fa\u0165 v\u0161etky rozobrat\u00e9 spoje,\u0161r\u00f3benia,kontrola funk\u010dnisti,elektrick\u00fdch zariaden\u00ed,a p\u00fadov\u00fd chr\u00e1ni\u010d.<\/p>\n","protected":false},"excerpt":{"rendered":"<p>ZAZIMOVANIE Ak sa rozhodnete nepou\u017e\u00edva\u0165 v\u00edrivku v zimn\u00fdch mesiacoch, odpor\u00fa\u010dame v\u00e1m v\u00edrivku zazimova\u0165. Mysl\u00ed sa t\u00fdm \u00fapln\u00e9 vypustenie vody zo v\u0161etk\u00fdch vn\u00fatorn\u00fdch \u010dast\u00ed v\u00edrivky tak, aby nedo\u0161lo k zamrznutiu vody v syst\u00e9me. \u010cistenie v\u00edrivky nie je s\u00fa\u010das\u0165ou zazimovania! ODZIMOVANIE Po zime alebo ve\u013ek\u00fdch mrazoch,potrebujete spojazdni\u0165&hellip;<\/p>\n","protected":false},"featured_media":1024,"comment_status":"open","ping_status":"closed","template":"","meta":{"_monsterinsights_skip_tracking":false,"_monsterinsights_sitenote_active":false,"_monsterinsights_sitenote_note":"","_monsterinsights_sitenote_category":0},"product_brand":[],"product_cat":[38],"product_tag":[],"class_list":{"0":"post-682","1":"product","2":"type-product","3":"status-publish","4":"has-post-thumbnail","6":"product_cat-sluzby","8":"first","9":"instock","10":"taxable","11":"shipping-taxable","12":"purchasable","13":"product-type-simple"},"yoast_head":"<!-- This site is optimized with the Yoast SEO plugin v24.4 - https:\/\/yoast.com\/wordpress\/plugins\/seo\/ -->\n<title>Zazimovanie a odzimovanie v\u00edrivky - EUROSAUNY<\/title>\n<meta name=\"robots\" content=\"index, follow, max-snippet:-1, max-image-preview:large, max-video-preview:-1\" \/>\n<link rel=\"canonical\" href=\"https:\/\/www.eurosauny.sk\/en\/produkt\/sluzba-1\/\" \/>\n<meta property=\"og:locale\" content=\"en_US\" \/>\n<meta property=\"og:locale:alternate\" content=\"sk_SK\" \/>\n<meta property=\"og:locale:alternate\" content=\"hu_HU\" \/>\n<meta property=\"og:type\" content=\"article\" \/>\n<meta property=\"og:title\" content=\"Zazimovanie a odzimovanie v\u00edrivky\" \/>\n<meta property=\"og:description\" content=\"ZAZIMOVANIE Ak sa rozhodnete nepou\u017e\u00edva\u0165 v\u00edrivku v zimn\u00fdch mesiacoch, odpor\u00fa\u010dame v\u00e1m v\u00edrivku zazimova\u0165. Mysl\u00ed sa t\u00fdm \u00fapln\u00e9 vypustenie vody zo v\u0161etk\u00fdch vn\u00fatorn\u00fdch \u010dast\u00ed v\u00edrivky tak, aby nedo\u0161lo k zamrznutiu vody v syst\u00e9me. \u010cistenie v\u00edrivky nie je s\u00fa\u010das\u0165ou zazimovania! ODZIMOVANIE Po zime alebo ve\u013ek\u00fdch mrazoch,potrebujete spojazdni\u0165&hellip;\" \/>\n<meta property=\"og:url\" content=\"https:\/\/www.eurosauny.sk\/en\/produkt\/sluzba-1\/\" \/>\n<meta property=\"og:site_name\" content=\"EUROSAUNY\" \/>\n<meta property=\"article:modified_time\" content=\"2026-02-23T10:47:58+00:00\" \/>\n<meta property=\"og:image\" content=\"https:\/\/www.eurosauny.sk\/wp-content\/uploads\/2025\/02\/zazimovanie.jpg\" \/>\n\t<meta property=\"og:image:width\" content=\"1024\" \/>\n\t<meta property=\"og:image:height\" content=\"1024\" \/>\n\t<meta property=\"og:image:type\" content=\"image\/jpeg\" \/>\n<meta name=\"twitter:card\" content=\"summary_large_image\" \/>\n<meta name=\"twitter:label1\" content=\"Est. reading time\" \/>\n\t<meta name=\"twitter:data1\" content=\"1 minute\" \/>\n<script type=\"application\/ld+json\" class=\"yoast-schema-graph\">{\"@context\":\"https:\/\/schema.org\",\"@graph\":[{\"@type\":\"WebPage\",\"@id\":\"https:\/\/www.eurosauny.sk\/produkt\/sluzba-1\/\",\"url\":\"https:\/\/www.eurosauny.sk\/produkt\/sluzba-1\/\",\"name\":\"Zazimovanie a odzimovanie v\u00edrivky\",\"isPartOf\":{\"@id\":\"https:\/\/www.eurosauny.sk\/#website\"},\"primaryImageOfPage\":{\"@id\":\"https:\/\/www.eurosauny.sk\/produkt\/sluzba-1\/#primaryimage\"},\"image\":{\"@id\":\"https:\/\/www.eurosauny.sk\/produkt\/sluzba-1\/#primaryimage\"},\"thumbnailUrl\":\"https:\/\/www.eurosauny.sk\/wp-content\/uploads\/2025\/02\/zazimovanie.jpg\",\"datePublished\":\"2025-02-13T09:50:32+00:00\",\"dateModified\":\"2026-02-23T10:47:58+00:00\",\"breadcrumb\":{\"@id\":\"https:\/\/www.eurosauny.sk\/produkt\/sluzba-1\/#breadcrumb\"},\"inLanguage\":\"en-US\",\"potentialAction\":[{\"@type\":\"ReadAction\",\"target\":[\"https:\/\/www.eurosauny.sk\/produkt\/sluzba-1\/\"]}]},{\"@type\":\"ImageObject\",\"inLanguage\":\"en-US\",\"@id\":\"https:\/\/www.eurosauny.sk\/produkt\/sluzba-1\/#primaryimage\",\"url\":\"https:\/\/www.eurosauny.sk\/wp-content\/uploads\/2025\/02\/zazimovanie.jpg\",\"contentUrl\":\"https:\/\/www.eurosauny.sk\/wp-content\/uploads\/2025\/02\/zazimovanie.jpg\",\"width\":1024,\"height\":1024},{\"@type\":\"BreadcrumbList\",\"@id\":\"https:\/\/www.eurosauny.sk\/produkt\/sluzba-1\/#breadcrumb\",\"itemListElement\":[{\"@type\":\"ListItem\",\"position\":1,\"name\":\"Home\",\"item\":\"https:\/\/www.eurosauny.sk\/\"},{\"@type\":\"ListItem\",\"position\":2,\"name\":\"E-SHOP\",\"item\":\"https:\/\/www.eurosauny.sk\/shop\/\"},{\"@type\":\"ListItem\",\"position\":3,\"name\":\"Zazimovanie a odzimovanie v\u00edrivky\"}]},{\"@type\":\"WebSite\",\"@id\":\"https:\/\/www.eurosauny.sk\/#website\",\"url\":\"https:\/\/www.eurosauny.sk\/\",\"name\":\"EUROSAUNY\",\"description\":\"\",\"potentialAction\":[{\"@type\":\"SearchAction\",\"target\":{\"@type\":\"EntryPoint\",\"urlTemplate\":\"https:\/\/www.eurosauny.sk\/?s={search_term_string}\"},\"query-input\":{\"@type\":\"PropertyValueSpecification\",\"valueRequired\":true,\"valueName\":\"search_term_string\"}}],\"inLanguage\":\"en-US\"}]}<\/script>\n<!-- \/ Yoast SEO plugin. -->","yoast_head_json":{"title":"Zazimovanie a odzimovanie v\u00edrivky - EUROSAUNY","robots":{"index":"index","follow":"follow","max-snippet":"max-snippet:-1","max-image-preview":"max-image-preview:large","max-video-preview":"max-video-preview:-1"},"canonical":"https:\/\/www.eurosauny.sk\/en\/produkt\/sluzba-1\/","og_locale":"en_US","og_type":"article","og_title":"[:sk]Zazimovanie a odzimovanie v\u00edrivky[:] - EUROSAUNY","og_description":"ZAZIMOVANIE Ak sa rozhodnete nepou\u017e\u00edva\u0165 v\u00edrivku v zimn\u00fdch mesiacoch, odpor\u00fa\u010dame v\u00e1m v\u00edrivku zazimova\u0165. Mysl\u00ed sa t\u00fdm \u00fapln\u00e9 vypustenie vody zo v\u0161etk\u00fdch vn\u00fatorn\u00fdch \u010dast\u00ed v\u00edrivky tak, aby nedo\u0161lo k zamrznutiu vody v syst\u00e9me. \u010cistenie v\u00edrivky nie je s\u00fa\u010das\u0165ou zazimovania! ODZIMOVANIE Po zime alebo ve\u013ek\u00fdch mrazoch,potrebujete spojazdni\u0165&hellip;","og_url":"https:\/\/www.eurosauny.sk\/en\/produkt\/sluzba-1\/","og_site_name":"EUROSAUNY","article_modified_time":"2026-02-23T10:47:58+00:00","og_image":[{"width":1024,"height":1024,"url":"https:\/\/www.eurosauny.sk\/wp-content\/uploads\/2025\/02\/zazimovanie.jpg","type":"image\/jpeg"}],"twitter_card":"summary_large_image","twitter_misc":{"Est. reading time":"1 minute"},"schema":{"@context":"https:\/\/schema.org","@graph":[{"@type":"WebPage","@id":"https:\/\/www.eurosauny.sk\/produkt\/sluzba-1\/","url":"https:\/\/www.eurosauny.sk\/produkt\/sluzba-1\/","name":"Zazimovanie a odzimovanie v\u00edrivky","isPartOf":{"@id":"https:\/\/www.eurosauny.sk\/#website"},"primaryImageOfPage":{"@id":"https:\/\/www.eurosauny.sk\/produkt\/sluzba-1\/#primaryimage"},"image":{"@id":"https:\/\/www.eurosauny.sk\/produkt\/sluzba-1\/#primaryimage"},"thumbnailUrl":"https:\/\/www.eurosauny.sk\/wp-content\/uploads\/2025\/02\/zazimovanie.jpg","datePublished":"2025-02-13T09:50:32+00:00","dateModified":"2026-02-23T10:47:58+00:00","breadcrumb":{"@id":"https:\/\/www.eurosauny.sk\/produkt\/sluzba-1\/#breadcrumb"},"inLanguage":"en-US","potentialAction":[{"@type":"ReadAction","target":["https:\/\/www.eurosauny.sk\/produkt\/sluzba-1\/"]}]},{"@type":"ImageObject","inLanguage":"en-US","@id":"https:\/\/www.eurosauny.sk\/produkt\/sluzba-1\/#primaryimage","url":"https:\/\/www.eurosauny.sk\/wp-content\/uploads\/2025\/02\/zazimovanie.jpg","contentUrl":"https:\/\/www.eurosauny.sk\/wp-content\/uploads\/2025\/02\/zazimovanie.jpg","width":1024,"height":1024},{"@type":"BreadcrumbList","@id":"https:\/\/www.eurosauny.sk\/produkt\/sluzba-1\/#breadcrumb","itemListElement":[{"@type":"ListItem","position":1,"name":"Home","item":"https:\/\/www.eurosauny.sk\/"},{"@type":"ListItem","position":2,"name":"E-SHOP","item":"https:\/\/www.eurosauny.sk\/shop\/"},{"@type":"ListItem","position":3,"name":"Zazimovanie a odzimovanie v\u00edrivky"}]},{"@type":"WebSite","@id":"https:\/\/www.eurosauny.sk\/#website","url":"https:\/\/www.eurosauny.sk\/","name":"EUROSAUNY","description":"","potentialAction":[{"@type":"SearchAction","target":{"@type":"EntryPoint","urlTemplate":"https:\/\/www.eurosauny.sk\/?s={search_term_string}"},"query-input":{"@type":"PropertyValueSpecification","valueRequired":true,"valueName":"search_term_string"}}],"inLanguage":"en-US"}]}},"_links":{"self":[{"href":"https:\/\/www.eurosauny.sk\/en\/wp-json\/wp\/v2\/product\/682","targetHints":{"allow":["GET"]}}],"collection":[{"href":"https:\/\/www.eurosauny.sk\/en\/wp-json\/wp\/v2\/product"}],"about":[{"href":"https:\/\/www.eurosauny.sk\/en\/wp-json\/wp\/v2\/types\/product"}],"replies":[{"embeddable":true,"href":"https:\/\/www.eurosauny.sk\/en\/wp-json\/wp\/v2\/comments?post=682"}],"wp:featuredmedia":[{"embeddable":true,"href":"https:\/\/www.eurosauny.sk\/en\/wp-json\/wp\/v2\/media\/1024"}],"wp:attachment":[{"href":"https:\/\/www.eurosauny.sk\/en\/wp-json\/wp\/v2\/media?parent=682"}],"wp:term":[{"taxonomy":"product_brand","embeddable":true,"href":"https:\/\/www.eurosauny.sk\/en\/wp-json\/wp\/v2\/product_brand?post=682"},{"taxonomy":"product_cat","embeddable":true,"href":"https:\/\/www.eurosauny.sk\/en\/wp-json\/wp\/v2\/product_cat?post=682"},{"taxonomy":"product_tag","embeddable":true,"href":"https:\/\/www.eurosauny.sk\/en\/wp-json\/wp\/v2\/product_tag?post=682"}],"curies":[{"name":"wp","href":"https:\/\/api.w.org\/{rel}","templated":true}]}}