{"id":561,"date":"2025-02-12T22:17:35","date_gmt":"2025-02-12T21:17:35","guid":{"rendered":"https:\/\/www.eurosauny.sk\/?page_id=561"},"modified":"2025-05-13T22:18:02","modified_gmt":"2025-05-13T20:18:02","slug":"sluzby","status":"publish","type":"page","link":"https:\/\/www.eurosauny.sk\/en\/sluzby\/","title":{"rendered":"Sluzby"},"content":{"rendered":"<p>Slu\u017eby pre sauny a v\u00edrivky v na\u0161om e-shope zah\u0155\u0148aj\u00fa odborn\u00fa in\u0161tal\u00e1ciu, \u00fadr\u017ebu a opravy, ktor\u00e9 zabezpe\u010dia dlh\u00fa \u017eivotnos\u0165 a bezprobl\u00e9mov\u00fd chod va\u0161ich zariaden\u00ed. Pon\u00fakame poradenstvo pri v\u00fdbere ide\u00e1lnych produktov, ako aj kvalitn\u00e9 pr\u00edslu\u0161enstvo, \u010distiace prostriedky a aromaterapeutick\u00e9 oleje, ktor\u00e9 umocnia v\u00e1\u0161 relaxa\u010dn\u00fd z\u00e1\u017eitok. Zaru\u010dujeme profesion\u00e1lny pr\u00edstup a spo\u013eahliv\u00e9 slu\u017eby, ktor\u00e9 v\u00e1m umo\u017enia naplno vychutn\u00e1va\u0165 saunu a v\u00edrivku.<br><br><\/p><div class=\"woocommerce columns-3 \"><ul class=\"products columns-3\">\n<li class=\"product type-product post-1045 status-publish first instock product_cat-sluzby has-post-thumbnail taxable shipping-taxable purchasable product-type-simple\">\n\t<a href=\"https:\/\/www.eurosauny.sk\/en\/produkt\/pozarucny-servis-saun-a-viriviek\/\" class=\"woocommerce-LoopProduct-link woocommerce-loop-product__link\"><div class=\"archive-img-wrap\"><img fetchpriority=\"high\" decoding=\"async\" width=\"300\" height=\"300\" src=\"https:\/\/www.eurosauny.sk\/wp-content\/uploads\/2025\/05\/Cistenie-virivky-300x300.jpg\" class=\"attachment-woocommerce_thumbnail size-woocommerce_thumbnail\" alt=\"\" srcset=\"https:\/\/www.eurosauny.sk\/wp-content\/uploads\/2025\/05\/Cistenie-virivky-300x300.jpg 300w, https:\/\/www.eurosauny.sk\/wp-content\/uploads\/2025\/05\/Cistenie-virivky-150x150.jpg 150w, https:\/\/www.eurosauny.sk\/wp-content\/uploads\/2025\/05\/Cistenie-virivky-100x100.jpg 100w\" sizes=\"(max-width: 300px) 100vw, 300px\" \/><\/div><h2 class=\"woocommerce-loop-product__title\">Z\u00e1ru\u010dn\u00fd a po z\u00e1ru\u010dny servis sauny a v\u00edrivky<\/h2>\n\t<span class=\"price\"><span class=\"woocommerce-Price-amount amount\"><bdi>50,00&nbsp;<span class=\"woocommerce-Price-currencySymbol\">&euro;<\/span><\/bdi><\/span><\/span>\n<\/a><a href=\"?add-to-cart=1045\" aria-describedby=\"woocommerce_loop_add_to_cart_link_describedby_1045\" data-quantity=\"1\" class=\"button product_type_simple add_to_cart_button ajax_add_to_cart\" data-product_id=\"1045\" data-product_sku=\"\" aria-label=\"Add to cart: &ldquo;Z\u00e1ru\u010dn\u00fd a po z\u00e1ru\u010dny servis sauny a v\u00edrivky&rdquo;\" rel=\"nofollow\" data-success_message=\"&ldquo;Z\u00e1ru\u010dn\u00fd a po z\u00e1ru\u010dny servis sauny a v\u00edrivky&rdquo; has been added to your cart\">Add to cart<\/a>\t<span id=\"woocommerce_loop_add_to_cart_link_describedby_1045\" class=\"screen-reader-text\">\n\t\t\t<\/span>\n<\/li>\n<li class=\"product type-product post-1043 status-publish instock product_cat-sauny product_cat-sluzby has-post-thumbnail taxable shipping-taxable purchasable product-type-simple\">\n\t<a href=\"https:\/\/www.eurosauny.sk\/en\/produkt\/sauna-na-mieru\/\" class=\"woocommerce-LoopProduct-link woocommerce-loop-product__link\"><div class=\"archive-img-wrap\"><img decoding=\"async\" width=\"300\" height=\"300\" src=\"https:\/\/www.eurosauny.sk\/wp-content\/uploads\/2025\/05\/TOPOL-BIELI-300x300.jpg\" class=\"attachment-woocommerce_thumbnail size-woocommerce_thumbnail\" alt=\"\" srcset=\"https:\/\/www.eurosauny.sk\/wp-content\/uploads\/2025\/05\/TOPOL-BIELI-300x300.jpg 300w, https:\/\/www.eurosauny.sk\/wp-content\/uploads\/2025\/05\/TOPOL-BIELI-150x150.jpg 150w, https:\/\/www.eurosauny.sk\/wp-content\/uploads\/2025\/05\/TOPOL-BIELI-100x100.jpg 100w\" sizes=\"(max-width: 300px) 100vw, 300px\" \/><\/div><h2 class=\"woocommerce-loop-product__title\">Sauna na mieru<\/h2>\n\t<span class=\"price\"><span class=\"woocommerce-Price-amount amount\"><bdi>5000,00&nbsp;<span class=\"woocommerce-Price-currencySymbol\">&euro;<\/span><\/bdi><\/span><\/span>\n<\/a><a href=\"?add-to-cart=1043\" aria-describedby=\"woocommerce_loop_add_to_cart_link_describedby_1043\" data-quantity=\"1\" class=\"button product_type_simple add_to_cart_button ajax_add_to_cart\" data-product_id=\"1043\" data-product_sku=\"\" aria-label=\"Add to cart: &ldquo;Sauna na mieru&rdquo;\" rel=\"nofollow\" data-success_message=\"&ldquo;Sauna na mieru&rdquo; has been added to your cart\">Add to cart<\/a>\t<span id=\"woocommerce_loop_add_to_cart_link_describedby_1043\" class=\"screen-reader-text\">\n\t\t\t<\/span>\n<\/li>\n<li class=\"product type-product post-1026 status-publish last instock product_cat-sluzby has-post-thumbnail taxable shipping-taxable purchasable product-type-simple\">\n\t<a href=\"https:\/\/www.eurosauny.sk\/en\/produkt\/vycistenie-dezinfekcia-virivky-kontrola-plnej-funkcnosti\/\" class=\"woocommerce-LoopProduct-link woocommerce-loop-product__link\"><div class=\"archive-img-wrap\"><img decoding=\"async\" width=\"300\" height=\"300\" src=\"https:\/\/www.eurosauny.sk\/wp-content\/uploads\/2025\/05\/clean_hottub-300x300.jpg\" class=\"attachment-woocommerce_thumbnail size-woocommerce_thumbnail\" alt=\"\" srcset=\"https:\/\/www.eurosauny.sk\/wp-content\/uploads\/2025\/05\/clean_hottub-300x300.jpg 300w, https:\/\/www.eurosauny.sk\/wp-content\/uploads\/2025\/05\/clean_hottub-150x150.jpg 150w, https:\/\/www.eurosauny.sk\/wp-content\/uploads\/2025\/05\/clean_hottub-768x768.jpg 768w, https:\/\/www.eurosauny.sk\/wp-content\/uploads\/2025\/05\/clean_hottub-600x600.jpg 600w, https:\/\/www.eurosauny.sk\/wp-content\/uploads\/2025\/05\/clean_hottub-100x100.jpg 100w, https:\/\/www.eurosauny.sk\/wp-content\/uploads\/2025\/05\/clean_hottub.jpg 1024w\" sizes=\"(max-width: 300px) 100vw, 300px\" \/><\/div><h2 class=\"woocommerce-loop-product__title\">Vy\u010distenie, dezinfekcia v\u00edrivky, kontrola plnej funk\u010dnosti<\/h2>\n\t<span class=\"price\"><span class=\"woocommerce-Price-amount amount\"><bdi>230,00&nbsp;<span class=\"woocommerce-Price-currencySymbol\">&euro;<\/span><\/bdi><\/span><\/span>\n<\/a><a href=\"?add-to-cart=1026\" aria-describedby=\"woocommerce_loop_add_to_cart_link_describedby_1026\" data-quantity=\"1\" class=\"button product_type_simple add_to_cart_button ajax_add_to_cart\" data-product_id=\"1026\" data-product_sku=\"\" aria-label=\"Add to cart: &ldquo;Vy\u010distenie, dezinfekcia v\u00edrivky, kontrola plnej funk\u010dnosti&rdquo;\" rel=\"nofollow\" data-success_message=\"&ldquo;Vy\u010distenie, dezinfekcia v\u00edrivky, kontrola plnej funk\u010dnosti&rdquo; has been added to your cart\">Add to cart<\/a>\t<span id=\"woocommerce_loop_add_to_cart_link_describedby_1026\" class=\"screen-reader-text\">\n\t\t\t<\/span>\n<\/li>\n<li class=\"product type-product post-682 status-publish first instock product_cat-sluzby has-post-thumbnail taxable shipping-taxable purchasable product-type-simple\">\n\t<a href=\"https:\/\/www.eurosauny.sk\/en\/produkt\/sluzba-1\/\" class=\"woocommerce-LoopProduct-link woocommerce-loop-product__link\"><div class=\"archive-img-wrap\"><img loading=\"lazy\" decoding=\"async\" width=\"300\" height=\"300\" src=\"https:\/\/www.eurosauny.sk\/wp-content\/uploads\/2025\/02\/zazimovanie-300x300.jpg\" class=\"attachment-woocommerce_thumbnail size-woocommerce_thumbnail\" alt=\"\" srcset=\"https:\/\/www.eurosauny.sk\/wp-content\/uploads\/2025\/02\/zazimovanie-300x300.jpg 300w, https:\/\/www.eurosauny.sk\/wp-content\/uploads\/2025\/02\/zazimovanie-150x150.jpg 150w, https:\/\/www.eurosauny.sk\/wp-content\/uploads\/2025\/02\/zazimovanie-768x768.jpg 768w, https:\/\/www.eurosauny.sk\/wp-content\/uploads\/2025\/02\/zazimovanie-600x600.jpg 600w, https:\/\/www.eurosauny.sk\/wp-content\/uploads\/2025\/02\/zazimovanie-100x100.jpg 100w, https:\/\/www.eurosauny.sk\/wp-content\/uploads\/2025\/02\/zazimovanie.jpg 1024w\" sizes=\"(max-width: 300px) 100vw, 300px\" \/><\/div><h2 class=\"woocommerce-loop-product__title\">Zazimovanie a odzimovanie v\u00edrivky<\/h2>\n\t<span class=\"price\"><span class=\"woocommerce-Price-amount amount\"><bdi>150,00&nbsp;<span class=\"woocommerce-Price-currencySymbol\">&euro;<\/span><\/bdi><\/span><\/span>\n<\/a><a href=\"?add-to-cart=682\" aria-describedby=\"woocommerce_loop_add_to_cart_link_describedby_682\" data-quantity=\"1\" class=\"button product_type_simple add_to_cart_button ajax_add_to_cart\" data-product_id=\"682\" data-product_sku=\"\" aria-label=\"Add to cart: &ldquo;Zazimovanie a odzimovanie v\u00edrivky&rdquo;\" rel=\"nofollow\" data-success_message=\"&ldquo;Zazimovanie a odzimovanie v\u00edrivky&rdquo; has been added to your cart\">Add to cart<\/a>\t<span id=\"woocommerce_loop_add_to_cart_link_describedby_682\" class=\"screen-reader-text\">\n\t\t\t<\/span>\n<\/li>\n<\/ul>\n<\/div><p><\/p>","protected":false},"excerpt":{"rendered":"<p>Slu\u017eby pre sauny a v\u00edrivky v na\u0161om e-shope zah\u0155\u0148aj\u00fa odborn\u00fa in\u0161tal\u00e1ciu, \u00fadr\u017ebu a opravy, ktor\u00e9 zabezpe\u010dia dlh\u00fa \u017eivotnos\u0165 a bezprobl\u00e9mov\u00fd chod va\u0161ich zariaden\u00ed. Pon\u00fakame poradenstvo pri v\u00fdbere ide\u00e1lnych produktov, ako aj kvalitn\u00e9 pr\u00edslu\u0161enstvo, \u010distiace prostriedky a aromaterapeutick\u00e9 oleje, ktor\u00e9 umocnia v\u00e1\u0161 relaxa\u010dn\u00fd z\u00e1\u017eitok. Zaru\u010dujeme profesion\u00e1lny&hellip;<\/p>\n","protected":false},"author":1,"featured_media":1069,"parent":0,"menu_order":0,"comment_status":"closed","ping_status":"closed","template":"","meta":{"_monsterinsights_skip_tracking":false,"_monsterinsights_sitenote_active":false,"_monsterinsights_sitenote_note":"","_monsterinsights_sitenote_category":0,"footnotes":""},"class_list":["post-561","page","type-page","status-publish","has-post-thumbnail","hentry"],"yoast_head":"<!-- This site is optimized with the Yoast SEO plugin v24.4 - https:\/\/yoast.com\/wordpress\/plugins\/seo\/ -->\n<title>Sluzby - EUROSAUNY<\/title>\n<meta name=\"robots\" content=\"index, follow, max-snippet:-1, max-image-preview:large, max-video-preview:-1\" \/>\n<link rel=\"canonical\" href=\"https:\/\/www.eurosauny.sk\/en\/sluzby\/\" \/>\n<meta property=\"og:locale\" content=\"en_US\" \/>\n<meta property=\"og:locale:alternate\" content=\"sk_SK\" \/>\n<meta property=\"og:locale:alternate\" content=\"hu_HU\" \/>\n<meta property=\"og:type\" content=\"article\" \/>\n<meta property=\"og:title\" content=\"Sluzby\" \/>\n<meta property=\"og:description\" content=\"Slu\u017eby pre sauny a v\u00edrivky v na\u0161om e-shope zah\u0155\u0148aj\u00fa odborn\u00fa in\u0161tal\u00e1ciu, \u00fadr\u017ebu a opravy, ktor\u00e9 zabezpe\u010dia dlh\u00fa \u017eivotnos\u0165 a bezprobl\u00e9mov\u00fd chod va\u0161ich zariaden\u00ed. Pon\u00fakame poradenstvo pri v\u00fdbere ide\u00e1lnych produktov, ako aj kvalitn\u00e9 pr\u00edslu\u0161enstvo, \u010distiace prostriedky a aromaterapeutick\u00e9 oleje, ktor\u00e9 umocnia v\u00e1\u0161 relaxa\u010dn\u00fd z\u00e1\u017eitok. Zaru\u010dujeme profesion\u00e1lny&hellip;\" \/>\n<meta property=\"og:url\" content=\"https:\/\/www.eurosauny.sk\/en\/sluzby\/\" \/>\n<meta property=\"og:site_name\" content=\"EUROSAUNY\" \/>\n<meta property=\"article:modified_time\" content=\"2025-05-13T20:18:02+00:00\" \/>\n<meta property=\"og:image\" content=\"https:\/\/www.eurosauny.sk\/wp-content\/uploads\/2025\/05\/sluzby_head_1.jpg\" \/>\n\t<meta property=\"og:image:width\" content=\"2000\" \/>\n\t<meta property=\"og:image:height\" content=\"200\" \/>\n\t<meta property=\"og:image:type\" content=\"image\/jpeg\" \/>\n<meta name=\"twitter:card\" content=\"summary_large_image\" \/>\n<meta name=\"twitter:label1\" content=\"Est. reading time\" \/>\n\t<meta name=\"twitter:data1\" content=\"1 minute\" \/>\n<script type=\"application\/ld+json\" class=\"yoast-schema-graph\">{\"@context\":\"https:\/\/schema.org\",\"@graph\":[{\"@type\":\"WebPage\",\"@id\":\"https:\/\/www.eurosauny.sk\/sluzby\/\",\"url\":\"https:\/\/www.eurosauny.sk\/sluzby\/\",\"name\":\"Sluzby\",\"isPartOf\":{\"@id\":\"https:\/\/www.eurosauny.sk\/#website\"},\"primaryImageOfPage\":{\"@id\":\"https:\/\/www.eurosauny.sk\/sluzby\/#primaryimage\"},\"image\":{\"@id\":\"https:\/\/www.eurosauny.sk\/sluzby\/#primaryimage\"},\"thumbnailUrl\":\"https:\/\/www.eurosauny.sk\/wp-content\/uploads\/2025\/05\/sluzby_head_1.jpg\",\"datePublished\":\"2025-02-12T21:17:35+00:00\",\"dateModified\":\"2025-05-13T20:18:02+00:00\",\"breadcrumb\":{\"@id\":\"https:\/\/www.eurosauny.sk\/sluzby\/#breadcrumb\"},\"inLanguage\":\"en-US\",\"potentialAction\":[{\"@type\":\"ReadAction\",\"target\":[\"https:\/\/www.eurosauny.sk\/sluzby\/\"]}]},{\"@type\":\"ImageObject\",\"inLanguage\":\"en-US\",\"@id\":\"https:\/\/www.eurosauny.sk\/sluzby\/#primaryimage\",\"url\":\"https:\/\/www.eurosauny.sk\/wp-content\/uploads\/2025\/05\/sluzby_head_1.jpg\",\"contentUrl\":\"https:\/\/www.eurosauny.sk\/wp-content\/uploads\/2025\/05\/sluzby_head_1.jpg\",\"width\":2000,\"height\":200},{\"@type\":\"BreadcrumbList\",\"@id\":\"https:\/\/www.eurosauny.sk\/sluzby\/#breadcrumb\",\"itemListElement\":[{\"@type\":\"ListItem\",\"position\":1,\"name\":\"Home\",\"item\":\"https:\/\/www.eurosauny.sk\/\"},{\"@type\":\"ListItem\",\"position\":2,\"name\":\"Sluzby\"}]},{\"@type\":\"WebSite\",\"@id\":\"https:\/\/www.eurosauny.sk\/#website\",\"url\":\"https:\/\/www.eurosauny.sk\/\",\"name\":\"EUROSAUNY\",\"description\":\"\",\"potentialAction\":[{\"@type\":\"SearchAction\",\"target\":{\"@type\":\"EntryPoint\",\"urlTemplate\":\"https:\/\/www.eurosauny.sk\/?s={search_term_string}\"},\"query-input\":{\"@type\":\"PropertyValueSpecification\",\"valueRequired\":true,\"valueName\":\"search_term_string\"}}],\"inLanguage\":\"en-US\"}]}<\/script>\n<!-- \/ Yoast SEO plugin. -->","yoast_head_json":{"title":"Sluzby - EUROSAUNY","robots":{"index":"index","follow":"follow","max-snippet":"max-snippet:-1","max-image-preview":"max-image-preview:large","max-video-preview":"max-video-preview:-1"},"canonical":"https:\/\/www.eurosauny.sk\/en\/sluzby\/","og_locale":"en_US","og_type":"article","og_title":"[:sk]Sluzby[:] - EUROSAUNY","og_description":"Slu\u017eby pre sauny a v\u00edrivky v na\u0161om e-shope zah\u0155\u0148aj\u00fa odborn\u00fa in\u0161tal\u00e1ciu, \u00fadr\u017ebu a opravy, ktor\u00e9 zabezpe\u010dia dlh\u00fa \u017eivotnos\u0165 a bezprobl\u00e9mov\u00fd chod va\u0161ich zariaden\u00ed. Pon\u00fakame poradenstvo pri v\u00fdbere ide\u00e1lnych produktov, ako aj kvalitn\u00e9 pr\u00edslu\u0161enstvo, \u010distiace prostriedky a aromaterapeutick\u00e9 oleje, ktor\u00e9 umocnia v\u00e1\u0161 relaxa\u010dn\u00fd z\u00e1\u017eitok. Zaru\u010dujeme profesion\u00e1lny&hellip;","og_url":"https:\/\/www.eurosauny.sk\/en\/sluzby\/","og_site_name":"EUROSAUNY","article_modified_time":"2025-05-13T20:18:02+00:00","og_image":[{"width":2000,"height":200,"url":"https:\/\/www.eurosauny.sk\/wp-content\/uploads\/2025\/05\/sluzby_head_1.jpg","type":"image\/jpeg"}],"twitter_card":"summary_large_image","twitter_misc":{"Est. reading time":"1 minute"},"schema":{"@context":"https:\/\/schema.org","@graph":[{"@type":"WebPage","@id":"https:\/\/www.eurosauny.sk\/sluzby\/","url":"https:\/\/www.eurosauny.sk\/sluzby\/","name":"Sluzby","isPartOf":{"@id":"https:\/\/www.eurosauny.sk\/#website"},"primaryImageOfPage":{"@id":"https:\/\/www.eurosauny.sk\/sluzby\/#primaryimage"},"image":{"@id":"https:\/\/www.eurosauny.sk\/sluzby\/#primaryimage"},"thumbnailUrl":"https:\/\/www.eurosauny.sk\/wp-content\/uploads\/2025\/05\/sluzby_head_1.jpg","datePublished":"2025-02-12T21:17:35+00:00","dateModified":"2025-05-13T20:18:02+00:00","breadcrumb":{"@id":"https:\/\/www.eurosauny.sk\/sluzby\/#breadcrumb"},"inLanguage":"en-US","potentialAction":[{"@type":"ReadAction","target":["https:\/\/www.eurosauny.sk\/sluzby\/"]}]},{"@type":"ImageObject","inLanguage":"en-US","@id":"https:\/\/www.eurosauny.sk\/sluzby\/#primaryimage","url":"https:\/\/www.eurosauny.sk\/wp-content\/uploads\/2025\/05\/sluzby_head_1.jpg","contentUrl":"https:\/\/www.eurosauny.sk\/wp-content\/uploads\/2025\/05\/sluzby_head_1.jpg","width":2000,"height":200},{"@type":"BreadcrumbList","@id":"https:\/\/www.eurosauny.sk\/sluzby\/#breadcrumb","itemListElement":[{"@type":"ListItem","position":1,"name":"Home","item":"https:\/\/www.eurosauny.sk\/"},{"@type":"ListItem","position":2,"name":"Sluzby"}]},{"@type":"WebSite","@id":"https:\/\/www.eurosauny.sk\/#website","url":"https:\/\/www.eurosauny.sk\/","name":"EUROSAUNY","description":"","potentialAction":[{"@type":"SearchAction","target":{"@type":"EntryPoint","urlTemplate":"https:\/\/www.eurosauny.sk\/?s={search_term_string}"},"query-input":{"@type":"PropertyValueSpecification","valueRequired":true,"valueName":"search_term_string"}}],"inLanguage":"en-US"}]}},"_links":{"self":[{"href":"https:\/\/www.eurosauny.sk\/en\/wp-json\/wp\/v2\/pages\/561","targetHints":{"allow":["GET"]}}],"collection":[{"href":"https:\/\/www.eurosauny.sk\/en\/wp-json\/wp\/v2\/pages"}],"about":[{"href":"https:\/\/www.eurosauny.sk\/en\/wp-json\/wp\/v2\/types\/page"}],"author":[{"embeddable":true,"href":"https:\/\/www.eurosauny.sk\/en\/wp-json\/wp\/v2\/users\/1"}],"replies":[{"embeddable":true,"href":"https:\/\/www.eurosauny.sk\/en\/wp-json\/wp\/v2\/comments?post=561"}],"version-history":[{"count":2,"href":"https:\/\/www.eurosauny.sk\/en\/wp-json\/wp\/v2\/pages\/561\/revisions"}],"predecessor-version":[{"id":1067,"href":"https:\/\/www.eurosauny.sk\/en\/wp-json\/wp\/v2\/pages\/561\/revisions\/1067"}],"wp:featuredmedia":[{"embeddable":true,"href":"https:\/\/www.eurosauny.sk\/en\/wp-json\/wp\/v2\/media\/1069"}],"wp:attachment":[{"href":"https:\/\/www.eurosauny.sk\/en\/wp-json\/wp\/v2\/media?parent=561"}],"curies":[{"name":"wp","href":"https:\/\/api.w.org\/{rel}","templated":true}]}}